{"id":2,"date":"2023-09-01T20:34:48","date_gmt":"2023-09-01T20:34:48","guid":{"rendered":"https:\/\/guenamet.com.py\/?page_id=2"},"modified":"2023-09-01T22:50:28","modified_gmt":"2023-09-01T22:50:28","slug":"sample-page","status":"publish","type":"page","link":"https:\/\/guenamet.com.py\/index.php\/sample-page\/","title":{"rendered":"Servicios"},"content":{"rendered":"\n<figure class=\"wp-block-table is-style-regular\"><table><tbody><tr><td>Mantenimientos Industriales en Paraguay.Fabricaciones de Piezas.Dise\u00f1os de Piezas industriales.Frezados.Tecnolog\u00eda aplicada en los dise\u00f1os para CNC.Dise\u00f1os y fabricacion de Moldes<\/td><\/tr><tr><td>&nbsp;Del Sr. Ivan Doroskevich, Taller y Metalurgica Gue\u00f1a desde 1979 asistiendo y al servicio de la industria de ttodo el pais, desde Mingua Guazu &#8211; Paraguay<\/td><\/tr><\/tbody><\/table><\/figure>\n\n\n\n<div class=\"wp-block-cover\"><span aria-hidden=\"true\" class=\"wp-block-cover__background has-background-dim\"><\/span><img loading=\"lazy\" decoding=\"async\" width=\"500\" height=\"375\" class=\"wp-block-cover__image-background wp-image-39\" alt=\"\" src=\"https:\/\/guenamet.com.py\/wp-content\/uploads\/2023\/09\/35.jpg\" data-object-fit=\"cover\" srcset=\"https:\/\/guenamet.com.py\/wp-content\/uploads\/2023\/09\/35.jpg 500w, https:\/\/guenamet.com.py\/wp-content\/uploads\/2023\/09\/35-300x225.jpg 300w\" sizes=\"auto, (max-width: 500px) 100vw, 500px\" \/><div class=\"wp-block-cover__inner-container is-layout-flow wp-block-cover-is-layout-flow\">\n<p class=\"has-text-align-center has-large-font-size\"><\/p>\n<\/div><\/div>\n\n\n\n<figure class=\"wp-block-gallery has-nested-images columns-default is-cropped wp-block-gallery-1 is-layout-flex wp-block-gallery-is-layout-flex\">\n<figure class=\"wp-block-image size-large\"><img loading=\"lazy\" decoding=\"async\" width=\"768\" height=\"1024\" data-id=\"86\" src=\"https:\/\/guenamet.com.py\/wp-content\/uploads\/2023\/09\/P1080335-1-768x1024.jpg\" alt=\"\" class=\"wp-image-86\" srcset=\"https:\/\/guenamet.com.py\/wp-content\/uploads\/2023\/09\/P1080335-1-768x1024.jpg 768w, https:\/\/guenamet.com.py\/wp-content\/uploads\/2023\/09\/P1080335-1-225x300.jpg 225w, https:\/\/guenamet.com.py\/wp-content\/uploads\/2023\/09\/P1080335-1-1152x1536.jpg 1152w, https:\/\/guenamet.com.py\/wp-content\/uploads\/2023\/09\/P1080335-1-1536x2048.jpg 1536w, https:\/\/guenamet.com.py\/wp-content\/uploads\/2023\/09\/P1080335-1-rotated.jpg 1920w\" sizes=\"auto, (max-width: 768px) 100vw, 768px\" \/><\/figure>\n<\/figure>\n","protected":false},"excerpt":{"rendered":"<p>Mantenimientos Industriales en Paraguay.Fabricaciones de Piezas.Dise\u00f1os de Piezas industriales.Frezados.Tecnolog\u00eda aplicada en los dise\u00f1os para CNC.Dise\u00f1os y fabricacion de Moldes &nbsp;Del Sr. Ivan Doroskevich, Taller y Metalurgica Gue\u00f1a desde 1979 asistiendo y al servicio de la industria de ttodo el pais, desde Mingua Guazu &#8211; Paraguay<\/p>\n","protected":false},"author":1,"featured_media":0,"parent":0,"menu_order":0,"comment_status":"closed","ping_status":"open","template":"","meta":{"footnotes":""},"class_list":["post-2","page","type-page","status-publish","hentry"],"_links":{"self":[{"href":"https:\/\/guenamet.com.py\/index.php\/wp-json\/wp\/v2\/pages\/2","targetHints":{"allow":["GET"]}}],"collection":[{"href":"https:\/\/guenamet.com.py\/index.php\/wp-json\/wp\/v2\/pages"}],"about":[{"href":"https:\/\/guenamet.com.py\/index.php\/wp-json\/wp\/v2\/types\/page"}],"author":[{"embeddable":true,"href":"https:\/\/guenamet.com.py\/index.php\/wp-json\/wp\/v2\/users\/1"}],"replies":[{"embeddable":true,"href":"https:\/\/guenamet.com.py\/index.php\/wp-json\/wp\/v2\/comments?post=2"}],"version-history":[{"count":4,"href":"https:\/\/guenamet.com.py\/index.php\/wp-json\/wp\/v2\/pages\/2\/revisions"}],"predecessor-version":[{"id":109,"href":"https:\/\/guenamet.com.py\/index.php\/wp-json\/wp\/v2\/pages\/2\/revisions\/109"}],"wp:attachment":[{"href":"https:\/\/guenamet.com.py\/index.php\/wp-json\/wp\/v2\/media?parent=2"}],"curies":[{"name":"wp","href":"https:\/\/api.w.org\/{rel}","templated":true}]}}